{"id":73,"date":"2018-08-16T19:11:27","date_gmt":"2018-08-16T19:11:27","guid":{"rendered":"http:\/\/psychologie-salamon.at\/?page_id=73"},"modified":"2026-01-02T00:32:00","modified_gmt":"2026-01-01T23:32:00","slug":"schach","status":"publish","type":"page","link":"https:\/\/psychologie-salamon.at\/?page_id=73","title":{"rendered":"Coach-the-Coach"},"content":{"rendered":"<p>Trainer:innen tragen im Sport eine zentrale Verantwortung \u2013 f\u00fcr Leistung, Entwicklung, Kommunikation und Teamklima. Gleichzeitig bleiben ihre eigenen Bed\u00fcrfnisse, Fragen und Belastungen im Alltag oft im Hintergrund.<\/p>\n<p>Im Rahmen von \u201eCoach the Coach\u201c biete ich sportpsychologische Begleitung f\u00fcr Trainer:innen und Coaches an, die ihre Rolle reflektieren, weiterentwickeln und mental st\u00e4rken m\u00f6chten.<img fetchpriority=\"high\" decoding=\"async\" class=\"size-medium wp-image-411 alignright\" src=\"https:\/\/psychologie-salamon.at\/wp-content\/uploads\/2026\/01\/IMG_4731-300x200.jpeg\" alt=\"\" width=\"300\" height=\"200\" srcset=\"https:\/\/psychologie-salamon.at\/wp-content\/uploads\/2026\/01\/IMG_4731-300x200.jpeg 300w, https:\/\/psychologie-salamon.at\/wp-content\/uploads\/2026\/01\/IMG_4731-1024x683.jpeg 1024w, https:\/\/psychologie-salamon.at\/wp-content\/uploads\/2026\/01\/IMG_4731-768x512.jpeg 768w, https:\/\/psychologie-salamon.at\/wp-content\/uploads\/2026\/01\/IMG_4731-1536x1024.jpeg 1536w, https:\/\/psychologie-salamon.at\/wp-content\/uploads\/2026\/01\/IMG_4731-800x533.jpeg 800w, https:\/\/psychologie-salamon.at\/wp-content\/uploads\/2026\/01\/IMG_4731.jpeg 1920w\" sizes=\"(max-width: 300px) 100vw, 300px\" \/><\/p>\n<p>M\u00f6gliche Themen sind unter anderem:<\/p>\n<ul>\n<li>Rollenverst\u00e4ndnis und F\u00fchrungsstil<\/li>\n<li>Kommunikation mit Athleten und Teams<\/li>\n<li>Umgang mit Druck, Erwartungen und Verantwortung<\/li>\n<li>Entscheidungsfindung im Trainings- und Wettkampfalltag<\/li>\n<li>Selbstmanagement, Abgrenzung und mentale Gesundheit<\/li>\n<li>Begleitung in herausfordernden Phasen (z. B. Leistungseinbr\u00fcche, Konflikte, Umbr\u00fcche)<\/li>\n<\/ul>\n<p>Die Arbeit erfolgt in einem vertrauensvollen Einzelsetting. Grundlage sind Gespr\u00e4che, erg\u00e4nzt durch praxisnahe Reflexions- und mentale \u00dcbungen, die direkt im Trainer:innen-Alltag umsetzbar sind.<\/p>\n<p>Ein zentraler Fokus liegt darauf, Trainer:innen dabei zu unterst\u00fctzen, ihren eigenen Weg bewusst zu gestalten, Entscheidungen klar zu treffen und ihre Rolle authentisch auszuf\u00fcllen \u2013 ohne dabei die eigene mentale Stabilit\u00e4t aus dem Blick zu verlieren.<\/p>\n<p>F\u00fcr wen ist \u201eCoach the Coach\u201c geeignet?<\/p>\n<ul>\n<li>Trainer:innen im Leistungs- und Wettkampfsport<\/li>\n<li>Nachwuchs- und Vereinstrainer:innen<\/li>\n<li>Coaches, die Teams oder Einzelathlet:innen begleiten<\/li>\n<li>Trainer:innen, die sich fachlich und pers\u00f6nlich weiterentwickeln m\u00f6chten<\/li>\n<\/ul>\n<p>Meine Arbeit ist ressourcenorientiert, l\u00f6sungsfokussiert und auf Augenh\u00f6he. Ziel ist es nicht, vorgefertigte Konzepte zu vermitteln, sondern gemeinsam individuelle Strategien zu entwickeln, die zur jeweiligen Pers\u00f6nlichkeit, zum Sportumfeld und zu den aktuellen Herausforderungen passen.<\/p>\n","protected":false},"excerpt":{"rendered":"<p>Trainer:innen tragen im Sport eine zentrale Verantwortung \u2013 f\u00fcr Leistung, Entwicklung, Kommunikation und Teamklima. Gleichzeitig bleiben ihre eigenen Bed\u00fcrfnisse, Fragen und Belastungen im Alltag oft im Hintergrund. Im Rahmen von \u201eCoach the Coach\u201c biete ich sportpsychologische Begleitung f\u00fcr Trainer:innen und Coaches an, die ihre Rolle reflektieren, weiterentwickeln und mental st\u00e4rken m\u00f6chten. M\u00f6gliche Themen sind unter anderem: Rollenverst\u00e4ndnis und F\u00fchrungsstil Kommunikation&hellip;<\/p>\n","protected":false},"author":1,"featured_media":0,"parent":0,"menu_order":0,"comment_status":"closed","ping_status":"closed","template":"","meta":{"footnotes":""},"class_list":["post-73","page","type-page","status-publish","hentry"],"_links":{"self":[{"href":"https:\/\/psychologie-salamon.at\/index.php?rest_route=\/wp\/v2\/pages\/73","targetHints":{"allow":["GET"]}}],"collection":[{"href":"https:\/\/psychologie-salamon.at\/index.php?rest_route=\/wp\/v2\/pages"}],"about":[{"href":"https:\/\/psychologie-salamon.at\/index.php?rest_route=\/wp\/v2\/types\/page"}],"author":[{"embeddable":true,"href":"https:\/\/psychologie-salamon.at\/index.php?rest_route=\/wp\/v2\/users\/1"}],"replies":[{"embeddable":true,"href":"https:\/\/psychologie-salamon.at\/index.php?rest_route=%2Fwp%2Fv2%2Fcomments&post=73"}],"version-history":[{"count":5,"href":"https:\/\/psychologie-salamon.at\/index.php?rest_route=\/wp\/v2\/pages\/73\/revisions"}],"predecessor-version":[{"id":412,"href":"https:\/\/psychologie-salamon.at\/index.php?rest_route=\/wp\/v2\/pages\/73\/revisions\/412"}],"wp:attachment":[{"href":"https:\/\/psychologie-salamon.at\/index.php?rest_route=%2Fwp%2Fv2%2Fmedia&parent=73"}],"curies":[{"name":"wp","href":"https:\/\/api.w.org\/{rel}","templated":true}]}}