{"id":44,"date":"2018-08-16T19:18:02","date_gmt":"2018-08-16T19:18:02","guid":{"rendered":"http:\/\/psychologie-salamon.at\/?page_id=44"},"modified":"2026-02-23T07:51:21","modified_gmt":"2026-02-23T06:51:21","slug":"kosten","status":"publish","type":"page","link":"https:\/\/psychologie-salamon.at\/?page_id=44","title":{"rendered":"Kosten"},"content":{"rendered":"\t\t<div data-elementor-type=\"wp-page\" data-elementor-id=\"44\" class=\"elementor elementor-44\">\n\t\t\t\t\t\t\t<div class=\"elementor-element elementor-element-1bff774a e-flex e-con-boxed e-con e-parent\" data-id=\"1bff774a\" data-element_type=\"container\" data-settings=\"{&quot;content_width&quot;:&quot;boxed&quot;}\" data-core-v316-plus=\"true\">\n\t\t\t\t\t<div class=\"e-con-inner\">\n\t\t\t\t<div class=\"elementor-element elementor-element-292cfb92 elementor-widget elementor-widget-text-editor\" data-id=\"292cfb92\" data-element_type=\"widget\" data-widget_type=\"text-editor.default\">\n\t\t\t\t<div class=\"elementor-widget-container\">\n\t\t\t<style>\/*! elementor - v3.17.0 - 08-11-2023 *\/\n.elementor-widget-text-editor.elementor-drop-cap-view-stacked .elementor-drop-cap{background-color:#69727d;color:#fff}.elementor-widget-text-editor.elementor-drop-cap-view-framed .elementor-drop-cap{color:#69727d;border:3px solid;background-color:transparent}.elementor-widget-text-editor:not(.elementor-drop-cap-view-default) .elementor-drop-cap{margin-top:8px}.elementor-widget-text-editor:not(.elementor-drop-cap-view-default) .elementor-drop-cap-letter{width:1em;height:1em}.elementor-widget-text-editor .elementor-drop-cap{float:left;text-align:center;line-height:1;font-size:50px}.elementor-widget-text-editor .elementor-drop-cap-letter{display:inline-block}<\/style>\t\t\t\t<p>F\u00fcr die sportpsychologische Beratung und Betreuung wird ein <strong>Standardtarif von \u20ac100 (inkl. Mwst.) f\u00fcr eine Einheit (50 min.)<\/strong> verrechnet.<\/p>\n<p>F\u00fcr mehrst\u00fcndige\/-t\u00e4gige Workshops lege ich Ihnen gerne ein unverbindliches Angebot vor.<\/p>\n<p>Au\u00dferhalb Wiens wird eine Fahrtkostenpauschale verrechnet. Diese wird individuell abgestimmt und vor der Beratung\/Betreuung vereinbart und festgelegt. Der Richtwert liegt bei \u20ac0,20 pro Reisekilometer bzw. Ticketkosten \u00d6BB 2. Klasse.<\/p>\n<p>Verb\u00e4nde haben auch die M\u00f6glichkeit, F\u00f6rderantr\u00e4ge zu stellen. Diese werden vom \u00d6BS sowie dem BMLVS koordiniert. Bitte wenden Sie sich bei Interesse direkt an diese Stellen.<\/p>\n<p>Seit 1.1.2024 ist klinisch-psychologische Behandlung in \u00d6sterreich Kassenleistung. Das bedeutet, dass alle Versicherten erstmals von ihrer Sozialversicherung einen Kostenzuschuss f\u00fcr klinisch-psychologische Behandlung bekommen k\u00f6nnen. Weitere Infos dazu finden Sie hier:<\/p>\n<p><a href=\"https:\/\/www.boep.or.at\/psychologische-behandlung\/asvg-informationen\"><strong>Infos Kostenzuschuss klinisch-psychologische Behandlung<\/strong><\/a><\/p>\n<!-- wp:paragraph -->\n<p>\u00a0<\/p>\n<!-- \/wp:paragraph -->\t\t\t\t\t\t<\/div>\n\t\t\t\t<\/div>\n\t\t\t\t\t<\/div>\n\t\t\t\t<\/div>\n\t\t\t\t\t\t\t<\/div>\n\t\t","protected":false},"excerpt":{"rendered":"<p>F\u00fcr die sportpsychologische Beratung und Betreuung wird ein Standardtarif von \u20ac100 (inkl. Mwst.) f\u00fcr eine Einheit (50 min.) verrechnet. F\u00fcr mehrst\u00fcndige\/-t\u00e4gige Workshops lege ich Ihnen gerne ein unverbindliches Angebot vor. Au\u00dferhalb Wiens wird eine Fahrtkostenpauschale verrechnet. Diese wird individuell abgestimmt und vor der Beratung\/Betreuung vereinbart und festgelegt. Der Richtwert liegt bei \u20ac0,20 pro Reisekilometer bzw. Ticketkosten \u00d6BB 2. Klasse. Verb\u00e4nde&hellip;<\/p>\n","protected":false},"author":1,"featured_media":0,"parent":0,"menu_order":0,"comment_status":"closed","ping_status":"closed","template":"","meta":{"footnotes":""},"class_list":["post-44","page","type-page","status-publish","hentry"],"_links":{"self":[{"href":"https:\/\/psychologie-salamon.at\/index.php?rest_route=\/wp\/v2\/pages\/44","targetHints":{"allow":["GET"]}}],"collection":[{"href":"https:\/\/psychologie-salamon.at\/index.php?rest_route=\/wp\/v2\/pages"}],"about":[{"href":"https:\/\/psychologie-salamon.at\/index.php?rest_route=\/wp\/v2\/types\/page"}],"author":[{"embeddable":true,"href":"https:\/\/psychologie-salamon.at\/index.php?rest_route=\/wp\/v2\/users\/1"}],"replies":[{"embeddable":true,"href":"https:\/\/psychologie-salamon.at\/index.php?rest_route=%2Fwp%2Fv2%2Fcomments&post=44"}],"version-history":[{"count":12,"href":"https:\/\/psychologie-salamon.at\/index.php?rest_route=\/wp\/v2\/pages\/44\/revisions"}],"predecessor-version":[{"id":428,"href":"https:\/\/psychologie-salamon.at\/index.php?rest_route=\/wp\/v2\/pages\/44\/revisions\/428"}],"wp:attachment":[{"href":"https:\/\/psychologie-salamon.at\/index.php?rest_route=%2Fwp%2Fv2%2Fmedia&parent=44"}],"curies":[{"name":"wp","href":"https:\/\/api.w.org\/{rel}","templated":true}]}}